{"id":1142,"date":"2019-06-25T13:45:04","date_gmt":"2019-06-25T11:45:04","guid":{"rendered":"http:\/\/donnasalus.bim.name\/?page_id=1142"},"modified":"2023-03-06T10:20:01","modified_gmt":"2023-03-06T09:20:01","slug":"metodiche-speciali","status":"publish","type":"page","link":"https:\/\/www.donnasalus.it\/it\/metodiche-speciali\/","title":{"rendered":"Metodiche speciali"},"content":{"rendered":"<section class=\"wpb-content-wrapper\">[mk_page_section bg_image=&#8221;http:\/\/donnasalus.it\/wp-content\/uploads\/2018\/08\/donnasalus-frauenklinik-kinderwunsch-reproduktion-medicina-riproduttiva-salute-donna3.jpg&#8221; bg_color=&#8221;#e2017b&#8221; bg_position=&#8221;center center&#8221; bg_stretch=&#8221;true&#8221; enable_3d=&#8221;true&#8221; adaptive_height=&#8221;true&#8221; max_height=&#8221;500&#8243; min_height=&#8221;300&#8243; padding_top=&#8221;0&#8243; padding_bottom=&#8221;0&#8243; margin_bottom=&#8221;40&#8243; sidebar=&#8221;sidebar-1&#8243;][vc_column][\/vc_column][\/mk_page_section][vc_row][vc_column][mk_padding_divider][mk_fancy_title color=&#8221;#e2017b&#8221; size=&#8221;55&#8243; force_font_size=&#8221;true&#8221; size_smallscreen=&#8221;55&#8243; size_tablet=&#8221;45&#8243; size_phone=&#8221;40&#8243; font_weight=&#8221;400&#8243; txt_transform=&#8221;none&#8221; letter_spacing=&#8221;3&#8243; font_family=&#8221;none&#8221; responsive_align=&#8221;left&#8221;]Metodiche speciali[\/mk_fancy_title][vc_separator color=&#8221;custom&#8221; align=&#8221;align_left&#8221; border_width=&#8221;4&#8243; el_width=&#8221;20&#8243; accent_color=&#8221;#e2017b&#8221;][mk_padding_divider][\/vc_column][\/vc_row][vc_row][vc_column][vc_column_text margin_bottom=&#8221;20&#8243; css=&#8221;.vc_custom_1678094220784{margin-bottom: 0px !important;}&#8221;]<strong>Il nostro centro offre una serie di metodiche speciali che possono favorire il concepimento. <\/strong>Sebbene questi metodi non siano assolutamente necessari, possono incrementare fino a un terzo le possibilit\u00e0 di gravidanza, se abbinati a un trattamento ottimale. Pertanto, prima di ricorrervi \u00e8 consigliabile consultarsi privatamente con un medico.[\/vc_column_text][\/vc_column][\/vc_row][vc_row][vc_column width=&#8221;1\/2&#8243;][mk_fancy_title tag_name=&#8221;h3&#8243; color=&#8221;#e2017b&#8221; size=&#8221;26&#8243; force_font_size=&#8221;true&#8221; size_phone=&#8221;20&#8243; txt_transform=&#8221;uppercase&#8221; margin_bottom=&#8221;10&#8243; font_family=&#8221;none&#8221; responsive_align=&#8221;left&#8221;]Prelievo degli spermatozoi[\/mk_fancy_title][vc_column_text margin_bottom=&#8221;20&#8243; css=&#8221;.vc_custom_1678094295053{margin-bottom: 0px !important;}&#8221;]In determinati casi, \u00e8 possibile che non si trovino spermatozoi nell&#8217;eiaculato (Azoospermia) come, ad esempio, nel caso di chiusura dei vasi deferenti. Tuttavia, sono disponibili metodiche alternative per il prelievo degli spermatozoi quali:<\/p>\n<p><strong>MESA<br \/>\n<\/strong>L&#8217;aspirazione microchirurgica degli spermatozoi dall\u2019epididimo \u00e8 un intervento di piccola chirurgia. In questo caso, effettuato in anestesia generale, gli spermatozoi maturi vengono prelevati con una micropipetta dai tubuli epididimali.<\/p>\n<p><strong>PESA<br \/>\n<\/strong>L&#8217;aspirazione percutanea degli spermatozoi dall\u2019epididimo (PESA) \u00e8 un altro metodo di prelievo. Viene effettuata una biopsia tramite ago su vari strati del tessuto testicolare e si adotta in caso di azoospermia ostruttiva.<\/p>\n<p><strong>TESE<br \/>\n<\/strong>Il prelievo bioptico testicolare degli spermatozoi (TESE) viene utilizzato quando gli spermatozoi non sono presenti nemmeno nei testicoli. Nell&#8217;intervento TESE, eseguito in anestesia generale, vengono prelevati due o pi\u00f9 campioni di tessuto, solitamente da entrambi i testicoli. Se vengono individuati spermatozoi utilizzabili per tecniche di fecondazione assistita, nella maggior parte dei casi il tessuto viene crioconservato, quindi scongelato successivamente per un trattamento ICSI.<\/p>\n<p><strong>TESA<br \/>\n<\/strong>L&#8217;aspirazione degli spermatozoi dal testicolo (TESA) \u00e8 un metodo che prevede l&#8217;estrazione degli spermatozoi con un ago specifico, effettuando una biopsia testicolare percutanea. Il metodo TESA viene solitamente impiegato in presenza di azoospermia ostruttiva.[\/vc_column_text][mk_fancy_title tag_name=&#8221;h3&#8243; color=&#8221;#e2017b&#8221; size=&#8221;26&#8243; force_font_size=&#8221;true&#8221; size_phone=&#8221;20&#8243; txt_transform=&#8221;uppercase&#8221; margin_bottom=&#8221;10&#8243; font_family=&#8221;none&#8221; responsive_align=&#8221;left&#8221;]IMSI (selezione di spermatozoi)[\/mk_fancy_title][vc_column_text margin_bottom=&#8221;20&#8243; css=&#8221;.vc_custom_1678094310904{margin-bottom: 0px !important;}&#8221;]L&#8217;iniezione intracitoplasmatica di spermatozoi morfologicamente selezionati (IMSI) \u00e8 una procedura speciale della medicina riproduttiva. Nel metodo IMSI, gli spermatozoi vengono selezionati sotto un microscopio speciale, a un ingrandimento di circa 6000 volte superiore al solito. (I dispositivi impiegati nel metodo ICSI normalmente offrono un ingrandimento solo di 400 volte superiore). Grazie a questo ingrandimento, si pu\u00f2 riconoscere la morfologia interna degli spermatozoi. Il metodo IMSI consente cos\u00ec di escludere gli spermatozoi anomali, che potrebbero influenzare negativamente la fecondazione.[\/vc_column_text][mk_fancy_title tag_name=&#8221;h3&#8243; color=&#8221;#e2017b&#8221; size=&#8221;26&#8243; force_font_size=&#8221;true&#8221; size_phone=&#8221;20&#8243; txt_transform=&#8221;uppercase&#8221; margin_bottom=&#8221;10&#8243; font_family=&#8221;none&#8221; responsive_align=&#8221;left&#8221;]AH[\/mk_fancy_title][vc_column_text margin_bottom=&#8221;20&#8243; css=&#8221;.vc_custom_1678094320836{margin-bottom: 0px !important;}&#8221;]Assisted Hatching, anche noto come &#8220;Sgusciamento&#8221;, \u00e8 un metodo che facilita la fuoriuscita dell\u00b4embrione dalla zona pellucida. La zona pellucida viene resa pi\u00f9 sottile tramite uno speciale laser, il quale consente all\u00b4embriologo di creare un\u00b4incisione particolarmente precisa sulla superficie. Questo metodo viene solitamente impiegato quando la zona pellucida \u00e8 troppo spessa.[\/vc_column_text][mk_padding_divider visibility=&#8221;visible-sm&#8221;][\/vc_column][vc_column width=&#8221;1\/2&#8243;][mk_fancy_title tag_name=&#8221;h3&#8243; color=&#8221;#e2017b&#8221; size=&#8221;26&#8243; force_font_size=&#8221;true&#8221; size_phone=&#8221;20&#8243; txt_transform=&#8221;uppercase&#8221; margin_bottom=&#8221;10&#8243; font_family=&#8221;none&#8221; responsive_align=&#8221;left&#8221;]IVM[\/mk_fancy_title][vc_column_text margin_bottom=&#8221;20&#8243; css=&#8221;.vc_custom_1678094331639{margin-bottom: 0px !important;}&#8221;]In Vitro Maturation (&#8220;maturazione in vitro degli ovociti&#8221;) \u00e8 una procedura ideale soprattutto per le pazienti che hanno riscontrato problemi con i trattamenti classici. Nel metodo IVM, gli ovociti non maturi precedentemente raccolti vengono lasciati a maturare in incubatore. Raggiunto lo stadio di sviluppo adeguato, viene eseguita l&#8217;inseminazione.[\/vc_column_text][mk_fancy_title tag_name=&#8221;h3&#8243; color=&#8221;#e2017b&#8221; size=&#8221;26&#8243; force_font_size=&#8221;true&#8221; size_phone=&#8221;20&#8243; txt_transform=&#8221;uppercase&#8221; margin_bottom=&#8221;10&#8243; font_family=&#8221;none&#8221; responsive_align=&#8221;left&#8221;]ISME-T[\/mk_fancy_title][vc_column_text margin_bottom=&#8221;20&#8243; css=&#8221;.vc_custom_1678094341738{margin-bottom: 0px !important;}&#8221;]L&#8217;Implantation Support Medium Embryotransfer rappresenta una possibilit\u00e0 di preparare in modo ottimale la mucosa al futuro trasferimento embrionario. Trascorsi tre giorni dal prelievo degli ovociti, le gocce del terreno di coltura, al cui interno si trovano gli embrioni, vengono introdotte nella cavit\u00e0 uterina mediante un catetere. Una volta effettuato il trasferimento embrionale, questa tecnica dovrebbe influenzare positivamente il successivo annidamento.[\/vc_column_text][mk_fancy_title tag_name=&#8221;h3&#8243; color=&#8221;#e2017b&#8221; size=&#8221;26&#8243; force_font_size=&#8221;true&#8221; size_phone=&#8221;20&#8243; txt_transform=&#8221;uppercase&#8221; margin_bottom=&#8221;10&#8243; font_family=&#8221;none&#8221; responsive_align=&#8221;left&#8221;]Embryoglue[\/mk_fancy_title][vc_column_text margin_bottom=&#8221;20&#8243; css=&#8221;.vc_custom_1678094357252{margin-bottom: 0px !important;}&#8221;]Embryoglue \u00e8 un terreno di coltura speciale che stimola positivamente la mucosa durante il trasferimento dell&#8217;embrione, aumentando cos\u00ec le possibilit\u00e0 di gravidanza. Embryoglue \u00e8 un cosiddetto &#8220;adesivo tissutale&#8221; che imita in modo naturale le condizioni dell&#8217;utero e aiuta l&#8217;embrione ad attaccarsi in modo ottimale alla parete uterina.[\/vc_column_text][mk_fancy_title tag_name=&#8221;h3&#8243; color=&#8221;#e2017b&#8221; size=&#8221;26&#8243; force_font_size=&#8221;true&#8221; size_phone=&#8221;20&#8243; txt_transform=&#8221;uppercase&#8221; margin_bottom=&#8221;10&#8243; font_family=&#8221;none&#8221; responsive_align=&#8221;left&#8221;]Coltivazione prolungata[\/mk_fancy_title][vc_column_text margin_bottom=&#8221;20&#8243; css=&#8221;.vc_custom_1678094369889{margin-bottom: 0px !important;}&#8221;]Questa tecnica prevede il prolungamento dell\u00b4embriogenesi fino alla quinta giornata; questa inizia il giorno della fecondazione dell&#8217;ovocita fino al trasferimento in utero e in questo caso l&#8217;embrione \u00e8 allo stadio di blastocisti. Gli embrioni che vengono trasferiti allo stadio di blastocisti, hanno una possibilit\u00e0 maggiore di annidarsi, perch\u00e9 sono pi\u00f9 maturi e l&#8217;endometrio \u00e8 preparato in modo migliore all&#8217;impianto. Dato che solo circa un terzo degli embrioni raggiunge lo stadio di blastocisti, la scelta dell&#8217;embrione permette di determinare quale possieda un potenziale generalmente maggiore di sviluppo.[\/vc_column_text][mk_fancy_title tag_name=&#8221;h3&#8243; color=&#8221;#e2017b&#8221; size=&#8221;26&#8243; force_font_size=&#8221;true&#8221; size_phone=&#8221;20&#8243; txt_transform=&#8221;uppercase&#8221; margin_bottom=&#8221;10&#8243; font_family=&#8221;none&#8221; responsive_align=&#8221;left&#8221;]Crioconservazione[\/mk_fancy_title][vc_column_text margin_bottom=&#8221;20&#8243; css=&#8221;.vc_custom_1678094379053{margin-bottom: 0px !important;}&#8221;]Nella crioconservazione, i gameti maschili e\/o femminili e gli embrioni vengono conservati a -196 \u00b0C in azoto liquido garantendo le condizioni di vitalit\u00e0 cellulare.[\/vc_column_text][\/vc_column][\/vc_row][vc_row][vc_column][mk_padding_divider][mk_button dimension=&#8221;flat&#8221; corner_style=&#8221;rounded&#8221; size=&#8221;large&#8221; url=&#8221;\/it\/contatto&#8221; align=&#8221;center&#8221; margin_bottom=&#8221;0&#8243; margin_right=&#8221;0&#8243; bg_color=&#8221;#e2017b&#8221; btn_hover_bg=&#8221;#c1286f&#8221; btn_hover_txt_color=&#8221;#ffffff&#8221;]Contattaci per un appuntamento[\/mk_button][\/vc_column][\/vc_row][vc_row][vc_column][mk_padding_divider size=&#8221;120&#8243;][\/vc_column][\/vc_row]\n<\/section>","protected":false},"excerpt":{"rendered":"<p>[mk_page_section bg_image=&#8221;http:\/\/donnasalus.it\/wp-content\/uploads\/2018\/08\/donnasalus-frauenklinik-kinderwunsch-reproduktion-medicina-riproduttiva-salute-donna3.jpg&#8221; bg_color=&#8221;#e2017b&#8221; bg_position=&#8221;center center&#8221; bg_stretch=&#8221;true&#8221; enable_3d=&#8221;true&#8221; adaptive_height=&#8221;true&#8221; max_height=&#8221;500&#8243; min_height=&#8221;300&#8243; padding_top=&#8221;0&#8243; padding_bottom=&#8221;0&#8243; margin_bottom=&#8221;40&#8243; sidebar=&#8221;sidebar-1&#8243;][vc_column][\/vc_column][\/mk_page_section][vc_row][vc_column][mk_padding_divider][mk_fancy_title color=&#8221;#e2017b&#8221; size=&#8221;55&#8243; force_font_size=&#8221;true&#8221; size_smallscreen=&#8221;55&#8243; size_tablet=&#8221;45&#8243; size_phone=&#8221;40&#8243; font_weight=&#8221;400&#8243; txt_transform=&#8221;none&#8221; letter_spacing=&#8221;3&#8243; font_family=&#8221;none&#8221; responsive_align=&#8221;left&#8221;]Metodiche speciali[\/mk_fancy_title][vc_separator color=&#8221;custom&#8221; align=&#8221;align_left&#8221; border_width=&#8221;4&#8243; el_width=&#8221;20&#8243; accent_color=&#8221;#e2017b&#8221;][mk_padding_divider][\/vc_column][\/vc_row][vc_row][vc_column][vc_column_text margin_bottom=&#8221;20&#8243; css=&#8221;.vc_custom_1678094220784{margin-bottom: 0px !important;}&#8221;]Il nostro centro offre una serie di metodiche speciali che possono favorire il concepimento. Sebbene questi metodi non siano assolutamente necessari, [&hellip;]<\/p>\n","protected":false},"author":1,"featured_media":0,"parent":0,"menu_order":0,"comment_status":"closed","ping_status":"closed","template":"","meta":[],"yoast_head":"<!-- This site is optimized with the Yoast SEO plugin v20.7 - https:\/\/yoast.com\/wordpress\/plugins\/seo\/ -->\n<title>Metodiche speciali - Donna Salus Centro Salute e Fertilit\u00e0 Bolzano<\/title>\n<meta name=\"robots\" content=\"index, follow, max-snippet:-1, max-image-preview:large, max-video-preview:-1\" \/>\n<link rel=\"canonical\" href=\"https:\/\/www.donnasalus.it\/it\/metodiche-speciali\/\" \/>\n<meta property=\"og:locale\" content=\"it_IT\" \/>\n<meta property=\"og:type\" content=\"article\" \/>\n<meta property=\"og:title\" content=\"Metodiche speciali - Donna Salus Centro Salute e Fertilit\u00e0 Bolzano\" \/>\n<meta property=\"og:description\" content=\"[mk_page_section bg_image=&#8221;http:\/\/donnasalus.it\/wp-content\/uploads\/2018\/08\/donnasalus-frauenklinik-kinderwunsch-reproduktion-medicina-riproduttiva-salute-donna3.jpg&#8221; bg_color=&#8221;#e2017b&#8221; bg_position=&#8221;center center&#8221; bg_stretch=&#8221;true&#8221; enable_3d=&#8221;true&#8221; adaptive_height=&#8221;true&#8221; max_height=&#8221;500&#8243; min_height=&#8221;300&#8243; padding_top=&#8221;0&#8243; padding_bottom=&#8221;0&#8243; margin_bottom=&#8221;40&#8243; sidebar=&#8221;sidebar-1&#8243;][vc_column][\/vc_column][\/mk_page_section][vc_row][vc_column][mk_padding_divider][mk_fancy_title color=&#8221;#e2017b&#8221; size=&#8221;55&#8243; force_font_size=&#8221;true&#8221; size_smallscreen=&#8221;55&#8243; size_tablet=&#8221;45&#8243; size_phone=&#8221;40&#8243; font_weight=&#8221;400&#8243; txt_transform=&#8221;none&#8221; letter_spacing=&#8221;3&#8243; font_family=&#8221;none&#8221; responsive_align=&#8221;left&#8221;]Metodiche speciali[\/mk_fancy_title][vc_separator color=&#8221;custom&#8221; align=&#8221;align_left&#8221; border_width=&#8221;4&#8243; el_width=&#8221;20&#8243; accent_color=&#8221;#e2017b&#8221;][mk_padding_divider][\/vc_column][\/vc_row][vc_row][vc_column][vc_column_text margin_bottom=&#8221;20&#8243; css=&#8221;.vc_custom_1678094220784{margin-bottom: 0px !important;}&#8221;]Il nostro centro offre una serie di metodiche speciali che possono favorire il concepimento. Sebbene questi metodi non siano assolutamente necessari, [&hellip;]\" \/>\n<meta property=\"og:url\" content=\"https:\/\/www.donnasalus.it\/it\/metodiche-speciali\/\" \/>\n<meta property=\"og:site_name\" content=\"Donna Salus Centro Salute e Fertilit\u00e0 Bolzano\" \/>\n<meta property=\"article:publisher\" content=\"https:\/\/www.facebook.com\/people\/Donna-Salus\/100064899763846\/\" \/>\n<meta property=\"article:modified_time\" content=\"2023-03-06T09:20:01+00:00\" \/>\n<meta name=\"twitter:card\" content=\"summary_large_image\" \/>\n<meta name=\"twitter:label1\" content=\"Tempo di lettura stimato\" \/>\n\t<meta name=\"twitter:data1\" content=\"6 minuti\" \/>\n<script type=\"application\/ld+json\" class=\"yoast-schema-graph\">{\"@context\":\"https:\/\/schema.org\",\"@graph\":[{\"@type\":\"WebPage\",\"@id\":\"https:\/\/www.donnasalus.it\/it\/metodiche-speciali\/\",\"url\":\"https:\/\/www.donnasalus.it\/it\/metodiche-speciali\/\",\"name\":\"Metodiche speciali - Donna Salus Centro Salute e Fertilit\u00e0 Bolzano\",\"isPartOf\":{\"@id\":\"https:\/\/www.donnasalus.it\/#website\"},\"datePublished\":\"2019-06-25T11:45:04+00:00\",\"dateModified\":\"2023-03-06T09:20:01+00:00\",\"breadcrumb\":{\"@id\":\"https:\/\/www.donnasalus.it\/it\/metodiche-speciali\/#breadcrumb\"},\"inLanguage\":\"it-IT\",\"potentialAction\":[{\"@type\":\"ReadAction\",\"target\":[\"https:\/\/www.donnasalus.it\/it\/metodiche-speciali\/\"]}]},{\"@type\":\"BreadcrumbList\",\"@id\":\"https:\/\/www.donnasalus.it\/it\/metodiche-speciali\/#breadcrumb\",\"itemListElement\":[{\"@type\":\"ListItem\",\"position\":1,\"name\":\"Startseite\",\"item\":\"https:\/\/www.donnasalus.it\/it\/\"},{\"@type\":\"ListItem\",\"position\":2,\"name\":\"Metodiche speciali\"}]},{\"@type\":\"WebSite\",\"@id\":\"https:\/\/www.donnasalus.it\/#website\",\"url\":\"https:\/\/www.donnasalus.it\/\",\"name\":\"Frauengesundheitszentrum Donna Salus\",\"description\":\"Women&#039;s health &amp; fertility\",\"publisher\":{\"@id\":\"https:\/\/www.donnasalus.it\/#organization\"},\"potentialAction\":[{\"@type\":\"SearchAction\",\"target\":{\"@type\":\"EntryPoint\",\"urlTemplate\":\"https:\/\/www.donnasalus.it\/?s={search_term_string}\"},\"query-input\":\"required name=search_term_string\"}],\"inLanguage\":\"it-IT\"},{\"@type\":\"Organization\",\"@id\":\"https:\/\/www.donnasalus.it\/#organization\",\"name\":\"Donna Salus\",\"url\":\"https:\/\/www.donnasalus.it\/\",\"logo\":{\"@type\":\"ImageObject\",\"inLanguage\":\"it-IT\",\"@id\":\"https:\/\/www.donnasalus.it\/#\/schema\/logo\/image\/\",\"url\":\"https:\/\/www.donnasalus.it\/wp-content\/uploads\/donnasalus-logo-neu.png\",\"contentUrl\":\"https:\/\/www.donnasalus.it\/wp-content\/uploads\/donnasalus-logo-neu.png\",\"width\":310,\"height\":170,\"caption\":\"Donna Salus\"},\"image\":{\"@id\":\"https:\/\/www.donnasalus.it\/#\/schema\/logo\/image\/\"},\"sameAs\":[\"https:\/\/www.facebook.com\/people\/Donna-Salus\/100064899763846\/\"]}]}<\/script>\n<!-- \/ Yoast SEO plugin. -->","yoast_head_json":{"title":"Metodiche speciali - Donna Salus Centro Salute e Fertilit\u00e0 Bolzano","robots":{"index":"index","follow":"follow","max-snippet":"max-snippet:-1","max-image-preview":"max-image-preview:large","max-video-preview":"max-video-preview:-1"},"canonical":"https:\/\/www.donnasalus.it\/it\/metodiche-speciali\/","og_locale":"it_IT","og_type":"article","og_title":"Metodiche speciali - Donna Salus Centro Salute e Fertilit\u00e0 Bolzano","og_description":"[mk_page_section bg_image=&#8221;http:\/\/donnasalus.it\/wp-content\/uploads\/2018\/08\/donnasalus-frauenklinik-kinderwunsch-reproduktion-medicina-riproduttiva-salute-donna3.jpg&#8221; bg_color=&#8221;#e2017b&#8221; bg_position=&#8221;center center&#8221; bg_stretch=&#8221;true&#8221; enable_3d=&#8221;true&#8221; adaptive_height=&#8221;true&#8221; max_height=&#8221;500&#8243; min_height=&#8221;300&#8243; padding_top=&#8221;0&#8243; padding_bottom=&#8221;0&#8243; margin_bottom=&#8221;40&#8243; sidebar=&#8221;sidebar-1&#8243;][vc_column][\/vc_column][\/mk_page_section][vc_row][vc_column][mk_padding_divider][mk_fancy_title color=&#8221;#e2017b&#8221; size=&#8221;55&#8243; force_font_size=&#8221;true&#8221; size_smallscreen=&#8221;55&#8243; size_tablet=&#8221;45&#8243; size_phone=&#8221;40&#8243; font_weight=&#8221;400&#8243; txt_transform=&#8221;none&#8221; letter_spacing=&#8221;3&#8243; font_family=&#8221;none&#8221; responsive_align=&#8221;left&#8221;]Metodiche speciali[\/mk_fancy_title][vc_separator color=&#8221;custom&#8221; align=&#8221;align_left&#8221; border_width=&#8221;4&#8243; el_width=&#8221;20&#8243; accent_color=&#8221;#e2017b&#8221;][mk_padding_divider][\/vc_column][\/vc_row][vc_row][vc_column][vc_column_text margin_bottom=&#8221;20&#8243; css=&#8221;.vc_custom_1678094220784{margin-bottom: 0px !important;}&#8221;]Il nostro centro offre una serie di metodiche speciali che possono favorire il concepimento. Sebbene questi metodi non siano assolutamente necessari, [&hellip;]","og_url":"https:\/\/www.donnasalus.it\/it\/metodiche-speciali\/","og_site_name":"Donna Salus Centro Salute e Fertilit\u00e0 Bolzano","article_publisher":"https:\/\/www.facebook.com\/people\/Donna-Salus\/100064899763846\/","article_modified_time":"2023-03-06T09:20:01+00:00","twitter_card":"summary_large_image","twitter_misc":{"Tempo di lettura stimato":"6 minuti"},"schema":{"@context":"https:\/\/schema.org","@graph":[{"@type":"WebPage","@id":"https:\/\/www.donnasalus.it\/it\/metodiche-speciali\/","url":"https:\/\/www.donnasalus.it\/it\/metodiche-speciali\/","name":"Metodiche speciali - Donna Salus Centro Salute e Fertilit\u00e0 Bolzano","isPartOf":{"@id":"https:\/\/www.donnasalus.it\/#website"},"datePublished":"2019-06-25T11:45:04+00:00","dateModified":"2023-03-06T09:20:01+00:00","breadcrumb":{"@id":"https:\/\/www.donnasalus.it\/it\/metodiche-speciali\/#breadcrumb"},"inLanguage":"it-IT","potentialAction":[{"@type":"ReadAction","target":["https:\/\/www.donnasalus.it\/it\/metodiche-speciali\/"]}]},{"@type":"BreadcrumbList","@id":"https:\/\/www.donnasalus.it\/it\/metodiche-speciali\/#breadcrumb","itemListElement":[{"@type":"ListItem","position":1,"name":"Startseite","item":"https:\/\/www.donnasalus.it\/it\/"},{"@type":"ListItem","position":2,"name":"Metodiche speciali"}]},{"@type":"WebSite","@id":"https:\/\/www.donnasalus.it\/#website","url":"https:\/\/www.donnasalus.it\/","name":"Frauengesundheitszentrum Donna Salus","description":"Women&#039;s health &amp; fertility","publisher":{"@id":"https:\/\/www.donnasalus.it\/#organization"},"potentialAction":[{"@type":"SearchAction","target":{"@type":"EntryPoint","urlTemplate":"https:\/\/www.donnasalus.it\/?s={search_term_string}"},"query-input":"required name=search_term_string"}],"inLanguage":"it-IT"},{"@type":"Organization","@id":"https:\/\/www.donnasalus.it\/#organization","name":"Donna Salus","url":"https:\/\/www.donnasalus.it\/","logo":{"@type":"ImageObject","inLanguage":"it-IT","@id":"https:\/\/www.donnasalus.it\/#\/schema\/logo\/image\/","url":"https:\/\/www.donnasalus.it\/wp-content\/uploads\/donnasalus-logo-neu.png","contentUrl":"https:\/\/www.donnasalus.it\/wp-content\/uploads\/donnasalus-logo-neu.png","width":310,"height":170,"caption":"Donna Salus"},"image":{"@id":"https:\/\/www.donnasalus.it\/#\/schema\/logo\/image\/"},"sameAs":["https:\/\/www.facebook.com\/people\/Donna-Salus\/100064899763846\/"]}]}},"_links":{"self":[{"href":"https:\/\/www.donnasalus.it\/it\/wp-json\/wp\/v2\/pages\/1142"}],"collection":[{"href":"https:\/\/www.donnasalus.it\/it\/wp-json\/wp\/v2\/pages"}],"about":[{"href":"https:\/\/www.donnasalus.it\/it\/wp-json\/wp\/v2\/types\/page"}],"author":[{"embeddable":true,"href":"https:\/\/www.donnasalus.it\/it\/wp-json\/wp\/v2\/users\/1"}],"replies":[{"embeddable":true,"href":"https:\/\/www.donnasalus.it\/it\/wp-json\/wp\/v2\/comments?post=1142"}],"version-history":[{"count":0,"href":"https:\/\/www.donnasalus.it\/it\/wp-json\/wp\/v2\/pages\/1142\/revisions"}],"wp:attachment":[{"href":"https:\/\/www.donnasalus.it\/it\/wp-json\/wp\/v2\/media?parent=1142"}],"curies":[{"name":"wp","href":"https:\/\/api.w.org\/{rel}","templated":true}]}}