{"id":1179,"date":"2019-06-25T14:24:08","date_gmt":"2019-06-25T12:24:08","guid":{"rendered":"http:\/\/donnasalus.bim.name\/?page_id=1179"},"modified":"2023-09-19T13:32:09","modified_gmt":"2023-09-19T11:32:09","slug":"salute-della-donna","status":"publish","type":"page","link":"https:\/\/www.donnasalus.it\/it\/salute-della-donna\/","title":{"rendered":"Salute della donna"},"content":{"rendered":"<section class=\"wpb-content-wrapper\">[mk_page_section bg_image=&#8221;http:\/\/donnasalus.it\/wp-content\/uploads\/2018\/08\/donnasalus-frauenklinik-kinderwunsch-reproduktion-medicina-riproduttiva-salute-donna5.jpg&#8221; bg_color=&#8221;#e2017b&#8221; bg_position=&#8221;center center&#8221; bg_stretch=&#8221;true&#8221; enable_3d=&#8221;true&#8221; adaptive_height=&#8221;true&#8221; max_height=&#8221;500&#8243; min_height=&#8221;300&#8243; padding_top=&#8221;0&#8243; padding_bottom=&#8221;0&#8243; margin_bottom=&#8221;40&#8243; sidebar=&#8221;sidebar-1&#8243;][vc_column][\/vc_column][\/mk_page_section][vc_row][vc_column][mk_padding_divider][mk_fancy_title color=&#8221;#e2017b&#8221; size=&#8221;55&#8243; force_font_size=&#8221;true&#8221; size_smallscreen=&#8221;55&#8243; size_tablet=&#8221;45&#8243; size_phone=&#8221;40&#8243; font_weight=&#8221;400&#8243; txt_transform=&#8221;none&#8221; letter_spacing=&#8221;3&#8243; font_family=&#8221;none&#8221; responsive_align=&#8221;left&#8221;]Salute della donna[\/mk_fancy_title][vc_separator color=&#8221;custom&#8221; align=&#8221;align_left&#8221; border_width=&#8221;4&#8243; el_width=&#8221;20&#8243; accent_color=&#8221;#e2017b&#8221;][mk_padding_divider][\/vc_column][\/vc_row][vc_row][vc_column][vc_column_text margin_bottom=&#8221;20&#8243; css=&#8221;.vc_custom_1695123126519{margin-bottom: 0px !important;}&#8221;]<strong>Visita ginecologica<\/strong><\/p>\n<p>\u00c8 importante che le donne si sottopongano a un controllo ginecologico, almeno una volta l&#8217;anno. In tal modo, \u00e8 possibile verificare le proprie condizioni di salute e prevenire anche eventuali malattie.<\/p>\n<p>Nel corso di una visita ginecologica, sono importanti soprattutto i seguenti controlli: ecografia, visita senologica, analisi ormonale, mammografia, citologia, vaccino anti-HPV, apparato riproduttivo ecc.<\/p>\n<p><strong>Isteroscopia e biopsia endometriale<\/strong><\/p>\n<p>L&#8217;isteroscopia \u00e8 un piccolo intervento che viene spesso eseguito insieme alla laparoscopia. Lo scopo di questo intervento \u00e8 un&#8217;ispezione pi\u00f9 precisa dell&#8217;utero e\/o il riconoscimento di eventuali cambiamenti.<\/p>\n<p>Durante questo intervento, viene introdotto un sottile catetere all&#8217;interno della cavit\u00e0 uterina, in modo da ricercare la presenza di miomi, polipi, malformazioni o grumi.<\/p>\n<p>Se vengono rilevati referti patologici durante la visita \u00e8 possibile rimuoverli effettuando un raschiamento o un&#8217;isteroscopia operativa.<\/p>\n<p>La biopsia endometriale, cosiddetta curettage di annidamento, viene impiegata solitamente nelle coppie dove i trattamenti non hanno finora avuto successo. Una piccola irritazione della mucosa nella fase di preparazione del trattamento pu\u00f2 influenzare positivamente il tasso di gravidanza.<\/p>\n<p>Il curettage di annidamento pu\u00f2 essere effettuato mediante un piccolo strumento chiamato curette.<\/p>\n<p><strong>Fertiloscopia<\/strong><\/p>\n<p>La fertiloscopia \u00e8 una metodologia di investigazione delle cause alla base dell&#8217;infertilit\u00e0 femminile. Questo metodo \u00e8 pi\u00f9 veloce, conveniente ed efficace della pi\u00f9 nota laparoscopia. \u00c8 un piccolo e breve intervento operativo. Grazie alla fertiloscopia \u00e8 possibile esaminare l&#8217;apparato riproduttivo interno in assenza di anestesia generale.<\/p>\n<p><strong>Isterosalpingografia<\/strong><\/p>\n<p>Grazie all\u2019isterosalpingografia \u00e8 possibile visualizzare l&#8217;utero e le tube utilizzando un mezzo di contrasto e la radiografia.<\/p>\n<p>Inserendo un catetere nella cavit\u00e0 uterina, si inietta un mezzo di contrasto e si acquisiscono radiografie. Questa visita ci consente di ottenere informazioni su malformazioni dell&#8217;utero, conglutinazioni o endometriosi delle tube.<\/p>\n<p><strong>Assistenza ostetrica<\/strong><\/p>\n<p>Per ogni donna, la gravidanza e la nascita sono avvenimenti unici. Oggi, l&#8217;assistenza ostetrica consente di supportare la futura famiglia avvalendosi degli strumenti pi\u00f9 moderni della medicina, cos\u00ec da organizzare il momento del parto nel modo migliore possibile.<\/p>\n<p><strong>Agopuntura<\/strong><\/p>\n<p>L&#8217;agopuntura \u00e8 un metodo di trattamento tradizionale cinese e pu\u00f2 essere utilizzata anche come metodo aggiuntivo nel trattamento IVF o ICSI. Alcuni studi dimostrano che l&#8217;agopuntura nel giorno del trasferimento degli embrioni pu\u00f2 portare a un tasso di gravidanza e di nati vivi pi\u00f9 elevato. Il nostro centro si impegna a utilizzare metodi complementari per ottimizzare ogni trattamento.<\/p>\n<p>L&#8217;agopuntura pu\u00f2 essere praticata durante la stimolazione e anche il giorno del trasferimento degli embrioni, circa 30 minuti prima e poi dopo il trasferimento. Vengono inseriti nel paziente aghi molto sottili e piccoli.<\/p>\n<p><strong>Endometriosi<\/strong><\/p>\n<p>L\u2019endometriosi si riferisce ad una malattia cronica e si riconosce per la presenza di tessuto endometriale all\u00b4esterno dell\u2019utero. Spesso le cellule si localizzano nelle ovaie, nel peritoneo e nelle tube.<br \/>\nL\u2019endometriosi colpisce circa il 15% delle donne e circa il 35% di quelle che si sottopongono a un trattamento di procreazione medicalmente assistita (PMA). Le donne affette da endometriosi soffrono solitamente di dolori al basso ventre, dolore durante i rapporti sessuali e molto spesso anche di sanguinamenti dolorosi.<\/p>\n<p>Le cause purtroppo, nonostante le intense ricerche, non sono ancora del tutto chiare. Esistono diverse teorie, come quella del trapianto, ma purtroppo tutte queste teorie lasciano per il momento alcune domande senza risposta.[\/vc_column_text][mk_padding_divider][mk_button dimension=&#8221;flat&#8221; corner_style=&#8221;rounded&#8221; size=&#8221;large&#8221; url=&#8221;\/it\/contatto&#8221; align=&#8221;center&#8221; margin_bottom=&#8221;0&#8243; margin_right=&#8221;0&#8243; bg_color=&#8221;#e2017b&#8221; btn_hover_bg=&#8221;#c1286f&#8221; btn_hover_txt_color=&#8221;#ffffff&#8221;]Contattaci per un appuntamento[\/mk_button][\/vc_column][\/vc_row][vc_row][vc_column][mk_padding_divider size=&#8221;120&#8243;][\/vc_column][\/vc_row]\n<\/section>","protected":false},"excerpt":{"rendered":"<p>[mk_page_section bg_image=&#8221;http:\/\/donnasalus.it\/wp-content\/uploads\/2018\/08\/donnasalus-frauenklinik-kinderwunsch-reproduktion-medicina-riproduttiva-salute-donna5.jpg&#8221; bg_color=&#8221;#e2017b&#8221; bg_position=&#8221;center center&#8221; bg_stretch=&#8221;true&#8221; enable_3d=&#8221;true&#8221; adaptive_height=&#8221;true&#8221; max_height=&#8221;500&#8243; min_height=&#8221;300&#8243; padding_top=&#8221;0&#8243; padding_bottom=&#8221;0&#8243; margin_bottom=&#8221;40&#8243; sidebar=&#8221;sidebar-1&#8243;][vc_column][\/vc_column][\/mk_page_section][vc_row][vc_column][mk_padding_divider][mk_fancy_title color=&#8221;#e2017b&#8221; size=&#8221;55&#8243; force_font_size=&#8221;true&#8221; size_smallscreen=&#8221;55&#8243; size_tablet=&#8221;45&#8243; size_phone=&#8221;40&#8243; font_weight=&#8221;400&#8243; txt_transform=&#8221;none&#8221; letter_spacing=&#8221;3&#8243; font_family=&#8221;none&#8221; responsive_align=&#8221;left&#8221;]Salute della donna[\/mk_fancy_title][vc_separator color=&#8221;custom&#8221; align=&#8221;align_left&#8221; border_width=&#8221;4&#8243; el_width=&#8221;20&#8243; accent_color=&#8221;#e2017b&#8221;][mk_padding_divider][\/vc_column][\/vc_row][vc_row][vc_column][vc_column_text margin_bottom=&#8221;20&#8243; css=&#8221;.vc_custom_1695123126519{margin-bottom: 0px !important;}&#8221;]Visita ginecologica \u00c8 importante che le donne si sottopongano a un controllo ginecologico, almeno una volta l&#8217;anno. In tal modo, [&hellip;]<\/p>\n","protected":false},"author":1,"featured_media":0,"parent":0,"menu_order":0,"comment_status":"closed","ping_status":"closed","template":"","meta":[],"yoast_head":"<!-- This site is optimized with the Yoast SEO plugin v20.7 - https:\/\/yoast.com\/wordpress\/plugins\/seo\/ -->\n<title>Salute della donna - Donna Salus Centro Salute e Fertilit\u00e0 Bolzano<\/title>\n<meta name=\"robots\" content=\"index, follow, max-snippet:-1, max-image-preview:large, max-video-preview:-1\" \/>\n<link rel=\"canonical\" href=\"https:\/\/www.donnasalus.it\/it\/salute-della-donna\/\" \/>\n<meta property=\"og:locale\" content=\"it_IT\" \/>\n<meta property=\"og:type\" content=\"article\" \/>\n<meta property=\"og:title\" content=\"Salute della donna - Donna Salus Centro Salute e Fertilit\u00e0 Bolzano\" \/>\n<meta property=\"og:description\" content=\"[mk_page_section bg_image=&#8221;http:\/\/donnasalus.it\/wp-content\/uploads\/2018\/08\/donnasalus-frauenklinik-kinderwunsch-reproduktion-medicina-riproduttiva-salute-donna5.jpg&#8221; bg_color=&#8221;#e2017b&#8221; bg_position=&#8221;center center&#8221; bg_stretch=&#8221;true&#8221; enable_3d=&#8221;true&#8221; adaptive_height=&#8221;true&#8221; max_height=&#8221;500&#8243; min_height=&#8221;300&#8243; padding_top=&#8221;0&#8243; padding_bottom=&#8221;0&#8243; margin_bottom=&#8221;40&#8243; sidebar=&#8221;sidebar-1&#8243;][vc_column][\/vc_column][\/mk_page_section][vc_row][vc_column][mk_padding_divider][mk_fancy_title color=&#8221;#e2017b&#8221; size=&#8221;55&#8243; force_font_size=&#8221;true&#8221; size_smallscreen=&#8221;55&#8243; size_tablet=&#8221;45&#8243; size_phone=&#8221;40&#8243; font_weight=&#8221;400&#8243; txt_transform=&#8221;none&#8221; letter_spacing=&#8221;3&#8243; font_family=&#8221;none&#8221; responsive_align=&#8221;left&#8221;]Salute della donna[\/mk_fancy_title][vc_separator color=&#8221;custom&#8221; align=&#8221;align_left&#8221; border_width=&#8221;4&#8243; el_width=&#8221;20&#8243; accent_color=&#8221;#e2017b&#8221;][mk_padding_divider][\/vc_column][\/vc_row][vc_row][vc_column][vc_column_text margin_bottom=&#8221;20&#8243; css=&#8221;.vc_custom_1695123126519{margin-bottom: 0px !important;}&#8221;]Visita ginecologica \u00c8 importante che le donne si sottopongano a un controllo ginecologico, almeno una volta l&#8217;anno. In tal modo, [&hellip;]\" \/>\n<meta property=\"og:url\" content=\"https:\/\/www.donnasalus.it\/it\/salute-della-donna\/\" \/>\n<meta property=\"og:site_name\" content=\"Donna Salus Centro Salute e Fertilit\u00e0 Bolzano\" \/>\n<meta property=\"article:publisher\" content=\"https:\/\/www.facebook.com\/people\/Donna-Salus\/100064899763846\/\" \/>\n<meta property=\"article:modified_time\" content=\"2023-09-19T11:32:09+00:00\" \/>\n<meta name=\"twitter:card\" content=\"summary_large_image\" \/>\n<meta name=\"twitter:label1\" content=\"Tempo di lettura stimato\" \/>\n\t<meta name=\"twitter:data1\" content=\"3 minuti\" \/>\n<script type=\"application\/ld+json\" class=\"yoast-schema-graph\">{\"@context\":\"https:\/\/schema.org\",\"@graph\":[{\"@type\":\"WebPage\",\"@id\":\"https:\/\/www.donnasalus.it\/it\/salute-della-donna\/\",\"url\":\"https:\/\/www.donnasalus.it\/it\/salute-della-donna\/\",\"name\":\"Salute della donna - Donna Salus Centro Salute e Fertilit\u00e0 Bolzano\",\"isPartOf\":{\"@id\":\"https:\/\/www.donnasalus.it\/#website\"},\"datePublished\":\"2019-06-25T12:24:08+00:00\",\"dateModified\":\"2023-09-19T11:32:09+00:00\",\"breadcrumb\":{\"@id\":\"https:\/\/www.donnasalus.it\/it\/salute-della-donna\/#breadcrumb\"},\"inLanguage\":\"it-IT\",\"potentialAction\":[{\"@type\":\"ReadAction\",\"target\":[\"https:\/\/www.donnasalus.it\/it\/salute-della-donna\/\"]}]},{\"@type\":\"BreadcrumbList\",\"@id\":\"https:\/\/www.donnasalus.it\/it\/salute-della-donna\/#breadcrumb\",\"itemListElement\":[{\"@type\":\"ListItem\",\"position\":1,\"name\":\"Startseite\",\"item\":\"https:\/\/www.donnasalus.it\/it\/\"},{\"@type\":\"ListItem\",\"position\":2,\"name\":\"Salute della donna\"}]},{\"@type\":\"WebSite\",\"@id\":\"https:\/\/www.donnasalus.it\/#website\",\"url\":\"https:\/\/www.donnasalus.it\/\",\"name\":\"Frauengesundheitszentrum Donna Salus\",\"description\":\"Women&#039;s health &amp; fertility\",\"publisher\":{\"@id\":\"https:\/\/www.donnasalus.it\/#organization\"},\"potentialAction\":[{\"@type\":\"SearchAction\",\"target\":{\"@type\":\"EntryPoint\",\"urlTemplate\":\"https:\/\/www.donnasalus.it\/?s={search_term_string}\"},\"query-input\":\"required name=search_term_string\"}],\"inLanguage\":\"it-IT\"},{\"@type\":\"Organization\",\"@id\":\"https:\/\/www.donnasalus.it\/#organization\",\"name\":\"Donna Salus\",\"url\":\"https:\/\/www.donnasalus.it\/\",\"logo\":{\"@type\":\"ImageObject\",\"inLanguage\":\"it-IT\",\"@id\":\"https:\/\/www.donnasalus.it\/#\/schema\/logo\/image\/\",\"url\":\"https:\/\/www.donnasalus.it\/wp-content\/uploads\/donnasalus-logo-neu.png\",\"contentUrl\":\"https:\/\/www.donnasalus.it\/wp-content\/uploads\/donnasalus-logo-neu.png\",\"width\":310,\"height\":170,\"caption\":\"Donna Salus\"},\"image\":{\"@id\":\"https:\/\/www.donnasalus.it\/#\/schema\/logo\/image\/\"},\"sameAs\":[\"https:\/\/www.facebook.com\/people\/Donna-Salus\/100064899763846\/\"]}]}<\/script>\n<!-- \/ Yoast SEO plugin. -->","yoast_head_json":{"title":"Salute della donna - Donna Salus Centro Salute e Fertilit\u00e0 Bolzano","robots":{"index":"index","follow":"follow","max-snippet":"max-snippet:-1","max-image-preview":"max-image-preview:large","max-video-preview":"max-video-preview:-1"},"canonical":"https:\/\/www.donnasalus.it\/it\/salute-della-donna\/","og_locale":"it_IT","og_type":"article","og_title":"Salute della donna - Donna Salus Centro Salute e Fertilit\u00e0 Bolzano","og_description":"[mk_page_section bg_image=&#8221;http:\/\/donnasalus.it\/wp-content\/uploads\/2018\/08\/donnasalus-frauenklinik-kinderwunsch-reproduktion-medicina-riproduttiva-salute-donna5.jpg&#8221; bg_color=&#8221;#e2017b&#8221; bg_position=&#8221;center center&#8221; bg_stretch=&#8221;true&#8221; enable_3d=&#8221;true&#8221; adaptive_height=&#8221;true&#8221; max_height=&#8221;500&#8243; min_height=&#8221;300&#8243; padding_top=&#8221;0&#8243; padding_bottom=&#8221;0&#8243; margin_bottom=&#8221;40&#8243; sidebar=&#8221;sidebar-1&#8243;][vc_column][\/vc_column][\/mk_page_section][vc_row][vc_column][mk_padding_divider][mk_fancy_title color=&#8221;#e2017b&#8221; size=&#8221;55&#8243; force_font_size=&#8221;true&#8221; size_smallscreen=&#8221;55&#8243; size_tablet=&#8221;45&#8243; size_phone=&#8221;40&#8243; font_weight=&#8221;400&#8243; txt_transform=&#8221;none&#8221; letter_spacing=&#8221;3&#8243; font_family=&#8221;none&#8221; responsive_align=&#8221;left&#8221;]Salute della donna[\/mk_fancy_title][vc_separator color=&#8221;custom&#8221; align=&#8221;align_left&#8221; border_width=&#8221;4&#8243; el_width=&#8221;20&#8243; accent_color=&#8221;#e2017b&#8221;][mk_padding_divider][\/vc_column][\/vc_row][vc_row][vc_column][vc_column_text margin_bottom=&#8221;20&#8243; css=&#8221;.vc_custom_1695123126519{margin-bottom: 0px !important;}&#8221;]Visita ginecologica \u00c8 importante che le donne si sottopongano a un controllo ginecologico, almeno una volta l&#8217;anno. In tal modo, [&hellip;]","og_url":"https:\/\/www.donnasalus.it\/it\/salute-della-donna\/","og_site_name":"Donna Salus Centro Salute e Fertilit\u00e0 Bolzano","article_publisher":"https:\/\/www.facebook.com\/people\/Donna-Salus\/100064899763846\/","article_modified_time":"2023-09-19T11:32:09+00:00","twitter_card":"summary_large_image","twitter_misc":{"Tempo di lettura stimato":"3 minuti"},"schema":{"@context":"https:\/\/schema.org","@graph":[{"@type":"WebPage","@id":"https:\/\/www.donnasalus.it\/it\/salute-della-donna\/","url":"https:\/\/www.donnasalus.it\/it\/salute-della-donna\/","name":"Salute della donna - Donna Salus Centro Salute e Fertilit\u00e0 Bolzano","isPartOf":{"@id":"https:\/\/www.donnasalus.it\/#website"},"datePublished":"2019-06-25T12:24:08+00:00","dateModified":"2023-09-19T11:32:09+00:00","breadcrumb":{"@id":"https:\/\/www.donnasalus.it\/it\/salute-della-donna\/#breadcrumb"},"inLanguage":"it-IT","potentialAction":[{"@type":"ReadAction","target":["https:\/\/www.donnasalus.it\/it\/salute-della-donna\/"]}]},{"@type":"BreadcrumbList","@id":"https:\/\/www.donnasalus.it\/it\/salute-della-donna\/#breadcrumb","itemListElement":[{"@type":"ListItem","position":1,"name":"Startseite","item":"https:\/\/www.donnasalus.it\/it\/"},{"@type":"ListItem","position":2,"name":"Salute della donna"}]},{"@type":"WebSite","@id":"https:\/\/www.donnasalus.it\/#website","url":"https:\/\/www.donnasalus.it\/","name":"Frauengesundheitszentrum Donna Salus","description":"Women&#039;s health &amp; fertility","publisher":{"@id":"https:\/\/www.donnasalus.it\/#organization"},"potentialAction":[{"@type":"SearchAction","target":{"@type":"EntryPoint","urlTemplate":"https:\/\/www.donnasalus.it\/?s={search_term_string}"},"query-input":"required name=search_term_string"}],"inLanguage":"it-IT"},{"@type":"Organization","@id":"https:\/\/www.donnasalus.it\/#organization","name":"Donna Salus","url":"https:\/\/www.donnasalus.it\/","logo":{"@type":"ImageObject","inLanguage":"it-IT","@id":"https:\/\/www.donnasalus.it\/#\/schema\/logo\/image\/","url":"https:\/\/www.donnasalus.it\/wp-content\/uploads\/donnasalus-logo-neu.png","contentUrl":"https:\/\/www.donnasalus.it\/wp-content\/uploads\/donnasalus-logo-neu.png","width":310,"height":170,"caption":"Donna Salus"},"image":{"@id":"https:\/\/www.donnasalus.it\/#\/schema\/logo\/image\/"},"sameAs":["https:\/\/www.facebook.com\/people\/Donna-Salus\/100064899763846\/"]}]}},"_links":{"self":[{"href":"https:\/\/www.donnasalus.it\/it\/wp-json\/wp\/v2\/pages\/1179"}],"collection":[{"href":"https:\/\/www.donnasalus.it\/it\/wp-json\/wp\/v2\/pages"}],"about":[{"href":"https:\/\/www.donnasalus.it\/it\/wp-json\/wp\/v2\/types\/page"}],"author":[{"embeddable":true,"href":"https:\/\/www.donnasalus.it\/it\/wp-json\/wp\/v2\/users\/1"}],"replies":[{"embeddable":true,"href":"https:\/\/www.donnasalus.it\/it\/wp-json\/wp\/v2\/comments?post=1179"}],"version-history":[{"count":1,"href":"https:\/\/www.donnasalus.it\/it\/wp-json\/wp\/v2\/pages\/1179\/revisions"}],"predecessor-version":[{"id":1416,"href":"https:\/\/www.donnasalus.it\/it\/wp-json\/wp\/v2\/pages\/1179\/revisions\/1416"}],"wp:attachment":[{"href":"https:\/\/www.donnasalus.it\/it\/wp-json\/wp\/v2\/media?parent=1179"}],"curies":[{"name":"wp","href":"https:\/\/api.w.org\/{rel}","templated":true}]}}